{"id":100,"date":"2019-05-29T17:50:15","date_gmt":"2019-05-29T15:50:15","guid":{"rendered":"http:\/\/www.bank-bfi.com\/?page_id=100"},"modified":"2019-08-28T12:35:56","modified_gmt":"2019-08-28T10:35:56","slug":"actualites-et-evenements","status":"publish","type":"page","link":"https:\/\/www.bank-bfi.com\/fr\/actualites-et-evenements\/","title":{"rendered":"Actualit\u00e9s et \u00e9v\u00e9nements"},"content":{"rendered":"","protected":false},"excerpt":{"rendered":"","protected":false},"author":1,"featured_media":0,"parent":0,"menu_order":0,"comment_status":"closed","ping_status":"closed","template":"presse.php","meta":{"footnotes":""},"class_list":["post-100","page","type-page","status-publish","hentry"],"_links":{"self":[{"href":"https:\/\/www.bank-bfi.com\/fr\/wp-json\/wp\/v2\/pages\/100"}],"collection":[{"href":"https:\/\/www.bank-bfi.com\/fr\/wp-json\/wp\/v2\/pages"}],"about":[{"href":"https:\/\/www.bank-bfi.com\/fr\/wp-json\/wp\/v2\/types\/page"}],"author":[{"embeddable":true,"href":"https:\/\/www.bank-bfi.com\/fr\/wp-json\/wp\/v2\/users\/1"}],"replies":[{"embeddable":true,"href":"https:\/\/www.bank-bfi.com\/fr\/wp-json\/wp\/v2\/comments?post=100"}],"version-history":[{"count":3,"href":"https:\/\/www.bank-bfi.com\/fr\/wp-json\/wp\/v2\/pages\/100\/revisions"}],"predecessor-version":[{"id":654,"href":"https:\/\/www.bank-bfi.com\/fr\/wp-json\/wp\/v2\/pages\/100\/revisions\/654"}],"wp:attachment":[{"href":"https:\/\/www.bank-bfi.com\/fr\/wp-json\/wp\/v2\/media?parent=100"}],"curies":[{"name":"wp","href":"https:\/\/api.w.org\/{rel}","templated":true}]}}