{"id":35,"date":"2019-05-28T13:25:51","date_gmt":"2019-05-28T11:25:51","guid":{"rendered":"http:\/\/www.bank-bfi.com\/?page_id=35"},"modified":"2019-09-15T13:54:34","modified_gmt":"2019-09-15T11:54:34","slug":"actualites-evenements","status":"publish","type":"page","link":"https:\/\/www.bank-bfi.com\/fr\/actualites-evenements\/","title":{"rendered":"Actualit\u00e9s &#038; \u00e9v\u00e9nements"},"content":{"rendered":"<p><strong>Nouvelles agences<\/strong><\/p>\n<p>BFI vous annonce l\u2019ouverture de 4 nouvelles agences\u00a0:<\/p>\n<ul>\n<li>Agence Port<\/li>\n<li>Agence Chami<\/li>\n<li>Agence a\u00e9roport International Oumtounsy<\/li>\n<li>Agence Centrale Nouadhibou (Duba\u00ef)<\/li>\n<\/ul>\n","protected":false},"excerpt":{"rendered":"<p>Nouvelles agences BFI vous annonce l\u2019ouverture de 4 nouvelles agences\u00a0: Agence Port Agence Chami Agence a\u00e9roport International Oumtounsy Agence Centrale Nouadhibou (Duba\u00ef)<\/p>\n","protected":false},"author":1,"featured_media":0,"parent":0,"menu_order":0,"comment_status":"closed","ping_status":"closed","template":"","meta":{"footnotes":""},"class_list":["post-35","page","type-page","status-publish","hentry"],"_links":{"self":[{"href":"https:\/\/www.bank-bfi.com\/fr\/wp-json\/wp\/v2\/pages\/35"}],"collection":[{"href":"https:\/\/www.bank-bfi.com\/fr\/wp-json\/wp\/v2\/pages"}],"about":[{"href":"https:\/\/www.bank-bfi.com\/fr\/wp-json\/wp\/v2\/types\/page"}],"author":[{"embeddable":true,"href":"https:\/\/www.bank-bfi.com\/fr\/wp-json\/wp\/v2\/users\/1"}],"replies":[{"embeddable":true,"href":"https:\/\/www.bank-bfi.com\/fr\/wp-json\/wp\/v2\/comments?post=35"}],"version-history":[{"count":6,"href":"https:\/\/www.bank-bfi.com\/fr\/wp-json\/wp\/v2\/pages\/35\/revisions"}],"predecessor-version":[{"id":680,"href":"https:\/\/www.bank-bfi.com\/fr\/wp-json\/wp\/v2\/pages\/35\/revisions\/680"}],"wp:attachment":[{"href":"https:\/\/www.bank-bfi.com\/fr\/wp-json\/wp\/v2\/media?parent=35"}],"curies":[{"name":"wp","href":"https:\/\/api.w.org\/{rel}","templated":true}]}}