{"id":410,"date":"2019-06-16T14:43:17","date_gmt":"2019-06-16T12:43:17","guid":{"rendered":"http:\/\/www.bank-bfi.com\/?page_id=410"},"modified":"2019-08-22T18:13:56","modified_gmt":"2019-08-22T16:13:56","slug":"mot-du-directeur-general","status":"publish","type":"page","link":"https:\/\/www.bank-bfi.com\/fr\/a-propos-de-la-banque\/mot-du-directeur-general\/","title":{"rendered":"Mot du Directeur g\u00e9n\u00e9ral"},"content":{"rendered":"<p><b>Bienvenue\u00a0!<\/b><\/p>\n<p>Cher Partenaire, Cher client,<\/p>\n<p>Votre confiance nous oblige, vos attentes sont nos pr\u00e9occupations.<\/p>\n<p>Avec vous, surtout gr\u00e2ce \u00e0 vous, nous poursuivrons nos engagements\u00a0pour :<\/p>\n<ul>\n<li>D\u00e9velopper l\u2019entreprise et l\u2019entreprenariat<\/li>\n<li>Promouvoir le financement innovant, en particulier pour les PME\/ME,<\/li>\n<li>Renforcer notre partenariat \u00e0 travers l\u2019accompagnement actif et l\u2019am\u00e9lioration continue de la gamme de produits et services offerts\u2026<\/li>\n<li>Assurer des montages financiers fid\u00e8les aux pr\u00e9ceptes de la finance islamique et \u00e0 jour des \u00e9volutions qui s\u2019op\u00e8rent mondialement dans ce domaine,<\/li>\n<\/ul>\n<p>Pour la r\u00e9ussite de ce plan, fort ambitieux, vos observations, re\u00e7ues p\u00e9riodiquement, nous guident \u00e0 mieux r\u00e9pondre \u00e0 vos aspirations.<\/p>\n<p>Bien modestement, notre reconnaissance pour vos bienveillantes recommandations.<\/p>\n<p>Bonne navigation.<\/p>\n<p>La Direction G\u00e9n\u00e9rale<\/p>\n","protected":false},"excerpt":{"rendered":"<p>Bienvenue\u00a0! Cher Partenaire, Cher client, Votre confiance nous oblige, vos attentes sont nos pr\u00e9occupations. Avec vous, surtout gr\u00e2ce \u00e0 vous, nous poursuivrons nos engagements\u00a0pour : D\u00e9velopper l\u2019entreprise et l\u2019entreprenariat Promouvoir le financement innovant, en particulier pour les PME\/ME, Renforcer notre partenariat \u00e0 travers l\u2019accompagnement actif et l\u2019am\u00e9lioration continue de la gamme de produits et services [&hellip;]<\/p>\n","protected":false},"author":1,"featured_media":0,"parent":129,"menu_order":0,"comment_status":"closed","ping_status":"closed","template":"","meta":{"footnotes":""},"class_list":["post-410","page","type-page","status-publish","hentry"],"_links":{"self":[{"href":"https:\/\/www.bank-bfi.com\/fr\/wp-json\/wp\/v2\/pages\/410"}],"collection":[{"href":"https:\/\/www.bank-bfi.com\/fr\/wp-json\/wp\/v2\/pages"}],"about":[{"href":"https:\/\/www.bank-bfi.com\/fr\/wp-json\/wp\/v2\/types\/page"}],"author":[{"embeddable":true,"href":"https:\/\/www.bank-bfi.com\/fr\/wp-json\/wp\/v2\/users\/1"}],"replies":[{"embeddable":true,"href":"https:\/\/www.bank-bfi.com\/fr\/wp-json\/wp\/v2\/comments?post=410"}],"version-history":[{"count":5,"href":"https:\/\/www.bank-bfi.com\/fr\/wp-json\/wp\/v2\/pages\/410\/revisions"}],"predecessor-version":[{"id":620,"href":"https:\/\/www.bank-bfi.com\/fr\/wp-json\/wp\/v2\/pages\/410\/revisions\/620"}],"up":[{"embeddable":true,"href":"https:\/\/www.bank-bfi.com\/fr\/wp-json\/wp\/v2\/pages\/129"}],"wp:attachment":[{"href":"https:\/\/www.bank-bfi.com\/fr\/wp-json\/wp\/v2\/media?parent=410"}],"curies":[{"name":"wp","href":"https:\/\/api.w.org\/{rel}","templated":true}]}}