{"id":416,"date":"2019-06-16T14:46:05","date_gmt":"2019-06-16T12:46:05","guid":{"rendered":"http:\/\/www.bank-bfi.com\/?page_id=416"},"modified":"2019-08-24T15:18:41","modified_gmt":"2019-08-24T13:18:41","slug":"qui-sommes-nous","status":"publish","type":"page","link":"https:\/\/www.bank-bfi.com\/fr\/a-propos-de-la-banque\/qui-sommes-nous\/","title":{"rendered":"Qui sommes-nous?"},"content":{"rendered":"<p><b>\u00c0 la BFI<\/b> nous offrons \u00e0 nos clients <b>des grandes, moyennes<\/b>\u00a0et petites entreprises, aux professionnels, aux institutions, associations et particuliers, des produits <b><i>innovants,\u00a0<\/i><\/b>adapt\u00e9s \u00e0 leurs besoins et \u00e0 des prix tr\u00e8s comp\u00e9titifs,<\/p>\n<p>A travers une relation d\u2019\u00e9changes constants avec l\u2019ensemble de notre public, la BFI est aujourd\u2019hui devenue un acteur phare du paysage \u00e9conomique\u00a0<b><i>mauritanien.<\/i><\/b><\/p>\n<p>Nous sommes pr\u00e9sents aux c\u00f4t\u00e9s des\u00a0<b><i>PME,<\/i><\/b>\u00a0mais aussi des\u00a0<b><i>GE,<\/i><\/b>\u00a0des Entreprises \u00e9trang\u00e8res implant\u00e9es sur le territoire\u00a0<b><i>mauritanien.<\/i><\/b><\/p>\n<p><b><i>A\u00a0<\/i><\/b><b>la BFI <\/b>nous contribuons pleinement au d\u00e9veloppement des entreprises nationales en conformit\u00e9 avec les principes de la finance islamique.<\/p>\n<p>Par soucis de proximit\u00e9 avec nos clients, notre banque est entrain de d\u00e9ployer une strat\u00e9gie d\u2019ouverture de 16\u00a0<b>points de vente suppl\u00e9mentaires<\/b>.<\/p>\n","protected":false},"excerpt":{"rendered":"<p>\u00c0 la BFI nous offrons \u00e0 nos clients des grandes, moyennes\u00a0et petites entreprises, aux professionnels, aux institutions, associations et particuliers, des produits innovants,\u00a0adapt\u00e9s \u00e0 leurs besoins et \u00e0 des prix tr\u00e8s comp\u00e9titifs, A travers une relation d\u2019\u00e9changes constants avec l\u2019ensemble de notre public, la BFI est aujourd\u2019hui devenue un acteur phare du paysage \u00e9conomique\u00a0mauritanien. Nous [&hellip;]<\/p>\n","protected":false},"author":1,"featured_media":0,"parent":129,"menu_order":0,"comment_status":"closed","ping_status":"closed","template":"pageAccordion.php","meta":{"footnotes":""},"class_list":["post-416","page","type-page","status-publish","hentry"],"_links":{"self":[{"href":"https:\/\/www.bank-bfi.com\/fr\/wp-json\/wp\/v2\/pages\/416"}],"collection":[{"href":"https:\/\/www.bank-bfi.com\/fr\/wp-json\/wp\/v2\/pages"}],"about":[{"href":"https:\/\/www.bank-bfi.com\/fr\/wp-json\/wp\/v2\/types\/page"}],"author":[{"embeddable":true,"href":"https:\/\/www.bank-bfi.com\/fr\/wp-json\/wp\/v2\/users\/1"}],"replies":[{"embeddable":true,"href":"https:\/\/www.bank-bfi.com\/fr\/wp-json\/wp\/v2\/comments?post=416"}],"version-history":[{"count":12,"href":"https:\/\/www.bank-bfi.com\/fr\/wp-json\/wp\/v2\/pages\/416\/revisions"}],"predecessor-version":[{"id":638,"href":"https:\/\/www.bank-bfi.com\/fr\/wp-json\/wp\/v2\/pages\/416\/revisions\/638"}],"up":[{"embeddable":true,"href":"https:\/\/www.bank-bfi.com\/fr\/wp-json\/wp\/v2\/pages\/129"}],"wp:attachment":[{"href":"https:\/\/www.bank-bfi.com\/fr\/wp-json\/wp\/v2\/media?parent=416"}],"curies":[{"name":"wp","href":"https:\/\/api.w.org\/{rel}","templated":true}]}}