{"id":453,"date":"2019-06-17T13:38:22","date_gmt":"2019-06-17T11:38:22","guid":{"rendered":"http:\/\/www.bank-bfi.com\/?page_id=453"},"modified":"2019-08-24T15:13:32","modified_gmt":"2019-08-24T13:13:32","slug":"compte-courant","status":"publish","type":"page","link":"https:\/\/www.bank-bfi.com\/fr\/entreprises-professionnels\/compte-courant\/","title":{"rendered":"Compte courant"},"content":{"rendered":"<p><i>Simplifiez-vous la vie en ouvrant votre compte bancaire \u00e0 la BFI,<\/i><\/p>\n<p>L\u2019ouverture de ce compte vous permettra de domicilier toutes les recettes li\u00e9es \u00e0 l\u2019activit\u00e9 de votre entreprise\u00a0: esp\u00e8ces, ch\u00e8ques, virements des clients, effets de commerce\u2026etc.<\/p>\n<p>Pour ouvrir un compte \u00e0 la BFI, il suffira de vous pr\u00e9senter \u00e0 l\u2019une de nos agences muni de tous les documents requis.<\/p>\n<p>Le compte vous garantit les avantages suivants\u00a0:<\/p>\n<p><b>Avantages<\/b>\u00a0:<\/p>\n<ul>\n<li>Un acc\u00e8s \u00e0 tous nos services bancaires\u00a0;<\/li>\n<li>Un relev\u00e9 de compte mensuel gratuit\u00a0;<\/li>\n<li>La possibilit\u00e9 d\u2019\u00e9mettre ou de recevoir des virements internationaux\u00a0;<\/li>\n<li>Un choix de moyens de paiement adapt\u00e9 \u00e0 votre besoin\u00a0;<\/li>\n<li>La possibilit\u00e9 de pouvoir consulter et de rester inform\u00e9s des op\u00e9rations effectu\u00e9es sur votre compte ; et ce gr\u00e2ce \u00e0 nos solutions de banque \u00e0 distance via Internet (SMS Banking ou E-Banking).<\/li>\n<\/ul>\n<p><b>Liste des documents \u00e0 fournir\u00a0:<\/b><\/p>\n<ul>\n<li>Une demande d\u2019ouverture de compte pr\u00e9cisant le type de compte demand\u00e9 et les personnes habilit\u00e9es \u00e0 mouvementer le compte\u00a0;<\/li>\n<li>Registre de commerce\u00a0;<\/li>\n<li>Les statuts de votre Soci\u00e9t\u00e9<\/li>\n<li>Une copie du PV de nomination des administrateurs et dirigeants actuels de la soci\u00e9t\u00e9\u00a0;<\/li>\n<li>Une copie des pi\u00e8ces d\u2019identit\u00e9 et deux photos r\u00e9centes des personnes habilit\u00e9es \u00e0 mouvementer le compte ;<\/li>\n<li>Un sp\u00e9cimen de signature des personnes habilit\u00e9es \u00e0 mouvementer le compte (formulaire fourni par la banque) ;<\/li>\n<li>Une attestation d\u2019immatriculation (NIF) ;<\/li>\n<li>Un justificatif d\u2019adresse.<\/li>\n<\/ul>\n","protected":false},"excerpt":{"rendered":"<p>Simplifiez-vous la vie en ouvrant votre compte bancaire \u00e0 la BFI, L\u2019ouverture de ce compte vous permettra de domicilier toutes les recettes li\u00e9es \u00e0 l\u2019activit\u00e9 de votre entreprise\u00a0: esp\u00e8ces, ch\u00e8ques, virements des clients, effets de commerce\u2026etc. Pour ouvrir un compte \u00e0 la BFI, il suffira de vous pr\u00e9senter \u00e0 l\u2019une de nos agences muni de [&hellip;]<\/p>\n","protected":false},"author":1,"featured_media":0,"parent":84,"menu_order":0,"comment_status":"closed","ping_status":"closed","template":"","meta":{"footnotes":""},"class_list":["post-453","page","type-page","status-publish","hentry"],"_links":{"self":[{"href":"https:\/\/www.bank-bfi.com\/fr\/wp-json\/wp\/v2\/pages\/453"}],"collection":[{"href":"https:\/\/www.bank-bfi.com\/fr\/wp-json\/wp\/v2\/pages"}],"about":[{"href":"https:\/\/www.bank-bfi.com\/fr\/wp-json\/wp\/v2\/types\/page"}],"author":[{"embeddable":true,"href":"https:\/\/www.bank-bfi.com\/fr\/wp-json\/wp\/v2\/users\/1"}],"replies":[{"embeddable":true,"href":"https:\/\/www.bank-bfi.com\/fr\/wp-json\/wp\/v2\/comments?post=453"}],"version-history":[{"count":7,"href":"https:\/\/www.bank-bfi.com\/fr\/wp-json\/wp\/v2\/pages\/453\/revisions"}],"predecessor-version":[{"id":929,"href":"https:\/\/www.bank-bfi.com\/fr\/wp-json\/wp\/v2\/pages\/453\/revisions\/929"}],"up":[{"embeddable":true,"href":"https:\/\/www.bank-bfi.com\/fr\/wp-json\/wp\/v2\/pages\/84"}],"wp:attachment":[{"href":"https:\/\/www.bank-bfi.com\/fr\/wp-json\/wp\/v2\/media?parent=453"}],"curies":[{"name":"wp","href":"https:\/\/api.w.org\/{rel}","templated":true}]}}