{"id":463,"date":"2019-06-17T13:41:33","date_gmt":"2019-06-17T11:41:33","guid":{"rendered":"http:\/\/www.bank-bfi.com\/?page_id=463"},"modified":"2019-08-22T18:20:15","modified_gmt":"2019-08-22T16:20:15","slug":"financements","status":"publish","type":"page","link":"https:\/\/www.bank-bfi.com\/fr\/entreprises-professionnels\/financements\/","title":{"rendered":"Financements"},"content":{"rendered":"<p>Parmi les solutions propos\u00e9es par la BFI et qui sont destin\u00e9es \u00e0 financer la cr\u00e9ation, l\u2019extension ou la modernisation de votre entreprise<i>,\u00a0<\/i>on retrouve un ensemble de possibilit\u00e9s de financements \u00e0 court, \u00e0 moyen et \u00e0 long terme adapt\u00e9es \u00e0 votre type de projet.<\/p>\n","protected":false},"excerpt":{"rendered":"<p>Parmi les solutions propos\u00e9es par la BFI et qui sont destin\u00e9es \u00e0 financer la cr\u00e9ation, l\u2019extension ou la modernisation de votre entreprise,\u00a0on retrouve un ensemble de possibilit\u00e9s de financements \u00e0 court, \u00e0 moyen et \u00e0 long terme adapt\u00e9es \u00e0 votre type de projet.<\/p>\n","protected":false},"author":1,"featured_media":0,"parent":84,"menu_order":0,"comment_status":"closed","ping_status":"closed","template":"pageAccordion.php","meta":{"footnotes":""},"class_list":["post-463","page","type-page","status-publish","hentry"],"_links":{"self":[{"href":"https:\/\/www.bank-bfi.com\/fr\/wp-json\/wp\/v2\/pages\/463"}],"collection":[{"href":"https:\/\/www.bank-bfi.com\/fr\/wp-json\/wp\/v2\/pages"}],"about":[{"href":"https:\/\/www.bank-bfi.com\/fr\/wp-json\/wp\/v2\/types\/page"}],"author":[{"embeddable":true,"href":"https:\/\/www.bank-bfi.com\/fr\/wp-json\/wp\/v2\/users\/1"}],"replies":[{"embeddable":true,"href":"https:\/\/www.bank-bfi.com\/fr\/wp-json\/wp\/v2\/comments?post=463"}],"version-history":[{"count":6,"href":"https:\/\/www.bank-bfi.com\/fr\/wp-json\/wp\/v2\/pages\/463\/revisions"}],"predecessor-version":[{"id":626,"href":"https:\/\/www.bank-bfi.com\/fr\/wp-json\/wp\/v2\/pages\/463\/revisions\/626"}],"up":[{"embeddable":true,"href":"https:\/\/www.bank-bfi.com\/fr\/wp-json\/wp\/v2\/pages\/84"}],"wp:attachment":[{"href":"https:\/\/www.bank-bfi.com\/fr\/wp-json\/wp\/v2\/media?parent=463"}],"curies":[{"name":"wp","href":"https:\/\/api.w.org\/{rel}","templated":true}]}}