{"id":470,"date":"2019-06-17T13:43:25","date_gmt":"2019-06-17T11:43:25","guid":{"rendered":"http:\/\/www.bank-bfi.com\/?page_id=470"},"modified":"2020-01-08T16:31:26","modified_gmt":"2020-01-08T15:31:26","slug":"engagements-par-signature","status":"publish","type":"page","link":"https:\/\/www.bank-bfi.com\/fr\/entreprises-professionnels\/engagements-par-signature\/","title":{"rendered":"Engagements par signature"},"content":{"rendered":"<p><b><i>sNous vous garantissons que vous pourrez r\u00e9aliser toutes vos ambitions\u2026<\/i><\/b><\/p>\n<p>La caution bancaire est une op\u00e9ration \u00e0 travers laquelle la BFI prend l\u2019engagement de garantir l\u2019ex\u00e9cution de l\u2019obligation de payer. Les cautions de march\u00e9 permettent aux entreprises d\u2019obtenir la confiance de leurs clients pour ce qui est de la r\u00e9alisation d\u2019un march\u00e9 donn\u00e9.<\/p>\n<p>Les diff\u00e9rentes cautions de march\u00e9 qui existent chez la BFI sont les suivantes :<\/p>\n<ul>\n<li>Cautions de march\u00e9<\/li>\n<li>Aval d\u2019effet<\/li>\n<li>Cautions douani\u00e8res<\/li>\n<\/ul>\n<p>Pour plus d\u2019informations, nous vous prions de vous rapprocher de votre gestionnaire de compte ou de l\u2019agence BFI la plus proche.<\/p>\n","protected":false},"excerpt":{"rendered":"<p>sNous vous garantissons que vous pourrez r\u00e9aliser toutes vos ambitions\u2026 La caution bancaire est une op\u00e9ration \u00e0 travers laquelle la BFI prend l\u2019engagement de garantir l\u2019ex\u00e9cution de l\u2019obligation de payer. Les cautions de march\u00e9 permettent aux entreprises d\u2019obtenir la confiance de leurs clients pour ce qui est de la r\u00e9alisation d\u2019un march\u00e9 donn\u00e9. Les diff\u00e9rentes [&hellip;]<\/p>\n","protected":false},"author":1,"featured_media":0,"parent":84,"menu_order":0,"comment_status":"closed","ping_status":"closed","template":"","meta":{"footnotes":""},"class_list":["post-470","page","type-page","status-publish","hentry"],"_links":{"self":[{"href":"https:\/\/www.bank-bfi.com\/fr\/wp-json\/wp\/v2\/pages\/470"}],"collection":[{"href":"https:\/\/www.bank-bfi.com\/fr\/wp-json\/wp\/v2\/pages"}],"about":[{"href":"https:\/\/www.bank-bfi.com\/fr\/wp-json\/wp\/v2\/types\/page"}],"author":[{"embeddable":true,"href":"https:\/\/www.bank-bfi.com\/fr\/wp-json\/wp\/v2\/users\/1"}],"replies":[{"embeddable":true,"href":"https:\/\/www.bank-bfi.com\/fr\/wp-json\/wp\/v2\/comments?post=470"}],"version-history":[{"count":6,"href":"https:\/\/www.bank-bfi.com\/fr\/wp-json\/wp\/v2\/pages\/470\/revisions"}],"predecessor-version":[{"id":805,"href":"https:\/\/www.bank-bfi.com\/fr\/wp-json\/wp\/v2\/pages\/470\/revisions\/805"}],"up":[{"embeddable":true,"href":"https:\/\/www.bank-bfi.com\/fr\/wp-json\/wp\/v2\/pages\/84"}],"wp:attachment":[{"href":"https:\/\/www.bank-bfi.com\/fr\/wp-json\/wp\/v2\/media?parent=470"}],"curies":[{"name":"wp","href":"https:\/\/api.w.org\/{rel}","templated":true}]}}