{"id":761,"date":"2019-11-19T10:45:16","date_gmt":"2019-11-19T09:45:16","guid":{"rendered":"http:\/\/www.bank-bfi.com\/?page_id=761"},"modified":"2019-11-19T11:00:07","modified_gmt":"2019-11-19T10:00:07","slug":"remise-documentaire","status":"publish","type":"page","link":"https:\/\/www.bank-bfi.com\/fr\/entreprises-professionnels\/remise-documentaire\/","title":{"rendered":"Remise documentaire"},"content":{"rendered":"<p>Votre alli\u00e9 pour l\u2019optimisation de vos remises documentaires \u00e0 l\u2019international<\/p>\n<p>Attentif aux besoins de ses clients en mati\u00e8re d\u2019\u00e9changes internationaux, la BFI vous propose de devenir votre banque de r\u00e9f\u00e9rence pour la gestion de vos remises documentaires \u00e0 l\u2019export et \u00e0 l\u2019import.<\/p>\n<p><b>Une solution adapt\u00e9e \u00e0 votre type d\u2019activit\u00e9 (import \/ export). <\/b><\/p>\n<p>Vous \u00eates importateur et vous vous approvisionnez r\u00e9guli\u00e8rement de l\u2019\u00e9tranger. Vous n\u2019\u00eates pas dispos\u00e9 \u00e0 fournir une avance, une garantie de paiement ou \u00e0 avoir recours \u00e0 un cr\u00e9dit documentaire en faveur de votre fournisseur.<\/p>\n<p>En revanche, vous \u00eates pr\u00eat \u00e0 lui assurer qu\u2019il sera bien r\u00e9gl\u00e9 lorsque vous recevrez les marchandises.<\/p>\n<p>Vous \u00eates exportateur et vous traitez un march\u00e9 avec un acheteur \u00e9tranger. En raison du montant faible ou en raison de l\u2019historique de vos relations avec l\u2019acheteur, vous ne souhaitez pas passer par un cr\u00e9dit documentaire.<\/p>\n<p>La BFI\u00a0 vous propose de vous accompagner dans la r\u00e9alisation de vos remises documentaires.<\/p>\n<p><u><b>Avantages<\/b><\/u><b>\u00a0:<\/b><\/p>\n<ul>\n<li>Un mode op\u00e9ratoire plus simple que le cr\u00e9dit documentaire ne n\u00e9cessitant pas de ligne de financement<\/li>\n<li>Une formule bancaire performante<\/li>\n<\/ul>\n","protected":false},"excerpt":{"rendered":"<p>Votre alli\u00e9 pour l\u2019optimisation de vos remises documentaires \u00e0 l\u2019international Attentif aux besoins de ses clients en mati\u00e8re d\u2019\u00e9changes internationaux, la BFI vous propose de devenir votre banque de r\u00e9f\u00e9rence pour la gestion de vos remises documentaires \u00e0 l\u2019export et \u00e0 l\u2019import. Une solution adapt\u00e9e \u00e0 votre type d\u2019activit\u00e9 (import \/ export). Vous \u00eates importateur [&hellip;]<\/p>\n","protected":false},"author":1,"featured_media":0,"parent":84,"menu_order":0,"comment_status":"closed","ping_status":"closed","template":"","meta":{"footnotes":""},"class_list":["post-761","page","type-page","status-publish","hentry"],"_links":{"self":[{"href":"https:\/\/www.bank-bfi.com\/fr\/wp-json\/wp\/v2\/pages\/761"}],"collection":[{"href":"https:\/\/www.bank-bfi.com\/fr\/wp-json\/wp\/v2\/pages"}],"about":[{"href":"https:\/\/www.bank-bfi.com\/fr\/wp-json\/wp\/v2\/types\/page"}],"author":[{"embeddable":true,"href":"https:\/\/www.bank-bfi.com\/fr\/wp-json\/wp\/v2\/users\/1"}],"replies":[{"embeddable":true,"href":"https:\/\/www.bank-bfi.com\/fr\/wp-json\/wp\/v2\/comments?post=761"}],"version-history":[{"count":3,"href":"https:\/\/www.bank-bfi.com\/fr\/wp-json\/wp\/v2\/pages\/761\/revisions"}],"predecessor-version":[{"id":764,"href":"https:\/\/www.bank-bfi.com\/fr\/wp-json\/wp\/v2\/pages\/761\/revisions\/764"}],"up":[{"embeddable":true,"href":"https:\/\/www.bank-bfi.com\/fr\/wp-json\/wp\/v2\/pages\/84"}],"wp:attachment":[{"href":"https:\/\/www.bank-bfi.com\/fr\/wp-json\/wp\/v2\/media?parent=761"}],"curies":[{"name":"wp","href":"https:\/\/api.w.org\/{rel}","templated":true}]}}