{"id":86,"date":"2019-05-29T17:06:36","date_gmt":"2019-05-29T15:06:36","guid":{"rendered":"http:\/\/www.bank-bfi.com\/?page_id=86"},"modified":"2020-01-08T16:32:50","modified_gmt":"2020-01-08T15:32:50","slug":"particuliers","status":"publish","type":"page","link":"https:\/\/www.bank-bfi.com\/fr\/particuliers\/","title":{"rendered":"Particuliers"},"content":{"rendered":"<h3><b>Compte \u00e0 vue<\/b><\/h3>\n<p>Le compte \u00e0 vue ou le compte ch\u00e8que vous donne la possibilit\u00e9 de d\u00e9poser votre argent en toute s\u00e9r\u00e9nit\u00e9, mais aussi d\u2019effectuer au quotidien toutes les op\u00e9rations bancaires de base \u00e0 savoir les retraits, d\u00e9p\u00f4ts, virements.<\/p>\n<p><b>Les Avantages\u00a0:<\/b><\/p>\n<p>Le compte \u00e0 vue vous permet de b\u00e9n\u00e9ficier\u00a0:<\/p>\n<ul>\n<li>D\u2019un relev\u00e9 de compte mensuel gratuit\u00a0;<\/li>\n<li>D\u2019un carnet de ch\u00e8ques et d\u2019une carte de retrait pour disposer de vos fonds ;<\/li>\n<li>De virements ponctuels ou automatiques, de votre compte vers le compte d\u2019un tiers\u00a0;<\/li>\n<li>D\u2019une domiciliation de votre salaire, mais aussi de vos autres revenus\u2026etc.<\/li>\n<\/ul>\n<p><b>S\u00e9curit\u00e9\u00a0:<\/b><\/p>\n<p>Vous \u00eates \u00e0 l\u2019abri du risque de d\u00e9tention d\u2019esp\u00e8ces.<\/p>\n<p>Toute personne physique capable et majeure peut ouvrir un compte si elle se pr\u00e9sente \u00e0 l\u2019un de nos points de vente muni des documents ci-dessous\u00a0:<\/p>\n<ul>\n<li>Une demande d\u2019ouverture de compte (formulaire fourni par la banque) d\u00fbment remplie et sign\u00e9e par la personne habilit\u00e9e \u00e0 mouvementer le compte\u00a0;<\/li>\n<li>Une copie de la CIN ou du passeport (le client doit pr\u00e9senter le document original au commercial de la banque)<\/li>\n<li>Deux photos d\u2019identit\u00e9 r\u00e9centes ;<\/li>\n<li>Un justificatif d\u2019adresse (une facture SOMELEC, SNDE, MAURITEL ou un contrat de bail) ;<\/li>\n<li>Pour les \u00e9trangers, une carte de s\u00e9jour est exig\u00e9e.<\/li>\n<\/ul>\n","protected":false},"excerpt":{"rendered":"<p>Compte \u00e0 vue Le compte \u00e0 vue ou le compte ch\u00e8que vous donne la possibilit\u00e9 de d\u00e9poser votre argent en toute s\u00e9r\u00e9nit\u00e9, mais aussi d\u2019effectuer au quotidien toutes les op\u00e9rations bancaires de base \u00e0 savoir les retraits, d\u00e9p\u00f4ts, virements. Les Avantages\u00a0: Le compte \u00e0 vue vous permet de b\u00e9n\u00e9ficier\u00a0: D\u2019un relev\u00e9 de compte mensuel gratuit\u00a0; [&hellip;]<\/p>\n","protected":false},"author":1,"featured_media":0,"parent":0,"menu_order":0,"comment_status":"closed","ping_status":"closed","template":"","meta":{"footnotes":""},"class_list":["post-86","page","type-page","status-publish","hentry"],"_links":{"self":[{"href":"https:\/\/www.bank-bfi.com\/fr\/wp-json\/wp\/v2\/pages\/86"}],"collection":[{"href":"https:\/\/www.bank-bfi.com\/fr\/wp-json\/wp\/v2\/pages"}],"about":[{"href":"https:\/\/www.bank-bfi.com\/fr\/wp-json\/wp\/v2\/types\/page"}],"author":[{"embeddable":true,"href":"https:\/\/www.bank-bfi.com\/fr\/wp-json\/wp\/v2\/users\/1"}],"replies":[{"embeddable":true,"href":"https:\/\/www.bank-bfi.com\/fr\/wp-json\/wp\/v2\/comments?post=86"}],"version-history":[{"count":7,"href":"https:\/\/www.bank-bfi.com\/fr\/wp-json\/wp\/v2\/pages\/86\/revisions"}],"predecessor-version":[{"id":806,"href":"https:\/\/www.bank-bfi.com\/fr\/wp-json\/wp\/v2\/pages\/86\/revisions\/806"}],"wp:attachment":[{"href":"https:\/\/www.bank-bfi.com\/fr\/wp-json\/wp\/v2\/media?parent=86"}],"curies":[{"name":"wp","href":"https:\/\/api.w.org\/{rel}","templated":true}]}}